{"id":12,"date":"2019-08-14T21:25:11","date_gmt":"2019-08-14T19:25:11","guid":{"rendered":"https:\/\/ppm.biz.pl\/?page_id=12"},"modified":"2020-08-04T15:22:43","modified_gmt":"2020-08-04T13:22:43","slug":"strona-glowna","status":"publish","type":"page","link":"https:\/\/ppm.biz.pl\/","title":{"rendered":"Strona G\u0142\u00f3wna"},"content":{"rendered":"<p>[et_pb_section fb_built=&#8221;1&#8243; _builder_version=&#8221;4.0.9&#8243; use_background_color_gradient=&#8221;on&#8221; background_color_gradient_start=&#8221;rgba(0,0,0,0.57)&#8221; background_color_gradient_end=&#8221;rgba(0,0,0,0.57)&#8221; background_color_gradient_overlays_image=&#8221;on&#8221; background_image=&#8221;https:\/\/ppm.biz.pl\/wp-content\/uploads\/2019\/12\/Fotolia_201973585_Subscription_Monthly_M.jpg&#8221; animation_style=&#8221;slide&#8221; animation_intensity_slide=&#8221;7%&#8221; custom_css_main_element=&#8221;height:100vh;&#8221;][et_pb_row _builder_version=&#8221;4.0.9&#8243; custom_margin=&#8221;||30px||false|false&#8221; custom_margin_tablet=&#8221;-70px||0px||false|false&#8221; custom_margin_phone=&#8221;-50px||0px||false|false&#8221; custom_margin_last_edited=&#8221;on|phone&#8221; custom_padding=&#8221;6vw||0px||false|false&#8221;][et_pb_column type=&#8221;4_4&#8243; _builder_version=&#8221;4.0.9&#8243;][et_pb_text _builder_version=&#8221;4.0.9&#8243; text_orientation=&#8221;center&#8221; background_layout=&#8221;dark&#8221;]<\/p>\n<h1>Wybierz rodzaj us\u0142ugi<\/h1>\n<p>[\/et_pb_text][\/et_pb_column][\/et_pb_row][et_pb_row column_structure=&#8221;1_3,1_3,1_3&#8243; use_custom_gutter=&#8221;on&#8221; gutter_width=&#8221;2&#8243; make_equal=&#8221;on&#8221; _builder_version=&#8221;4.4.7&#8243; width=&#8221;95%&#8221; width_tablet=&#8221;&#8221; width_phone=&#8221;&#8221; width_last_edited=&#8221;on|tablet&#8221; max_width=&#8221;1400px&#8221; max_width_tablet=&#8221;400px&#8221; max_width_phone=&#8221;300px&#8221; max_width_last_edited=&#8221;on|phone&#8221; module_alignment=&#8221;center&#8221; custom_margin=&#8221;0px||0px||true|false&#8221; custom_padding=&#8221;0px||0px||false|false&#8221; animation_style=&#8221;slide&#8221; animation_intensity_slide=&#8221;7%&#8221; hover_enabled=&#8221;0&#8243;][et_pb_column type=&#8221;1_3&#8243; _builder_version=&#8221;4.0.9&#8243; background_color=&#8221;#ffffff&#8221; custom_padding=&#8221;5vw|2vw|5vw|2vw|true|true&#8221; link_option_url=&#8221;https:\/\/biurorachunkowe.ppm.biz.pl\/&#8221; custom_css_main_element=&#8221;margin-top:0px;&#8221; border_radii=&#8221;on|6px|6px|6px|6px&#8221; box_shadow_style=&#8221;preset4&#8243; transform_styles__hover_enabled=&#8221;on|hover&#8221; transform_scale__hover_enabled=&#8221;on|hover&#8221; transform_translate__hover_enabled=&#8221;on|desktop&#8221; transform_rotate__hover_enabled=&#8221;on|desktop&#8221; transform_skew__hover_enabled=&#8221;on|desktop&#8221; transform_origin__hover_enabled=&#8221;on|desktop&#8221; transform_scale__hover=&#8221;101%|101%&#8221;][et_pb_image src=&#8221;https:\/\/ppm.biz.pl\/wp-content\/uploads\/2019\/12\/favi.png&#8221; disabled_on=&#8221;on|on|off&#8221; _builder_version=&#8221;4.0.9&#8243; max_width=&#8221;120px&#8221; module_alignment=&#8221;center&#8221;][\/et_pb_image][et_pb_text _builder_version=&#8221;4.4.7&#8243; header_font_size=&#8221;42px&#8221; header_2_font_size=&#8221;32px&#8221; hover_enabled=&#8221;0&#8243;]<\/p>\n<h2 style=\"text-align: center;\">Biuro Rachunkowe<\/h2>\n<p>[\/et_pb_text][\/et_pb_column][et_pb_column type=&#8221;1_3&#8243; _builder_version=&#8221;4.0.9&#8243; background_color=&#8221;#ffffff&#8221; custom_padding=&#8221;5vw|2vw|5vw|2vw|true|true&#8221; link_option_url=&#8221;https:\/\/agencjapracy.ppm.biz.pl\/&#8221; custom_css_main_element=&#8221;margin-top:0px;&#8221; border_radii=&#8221;on|6px|6px|6px|6px&#8221; box_shadow_style=&#8221;preset4&#8243; transform_styles__hover_enabled=&#8221;on|hover&#8221; transform_scale__hover_enabled=&#8221;on|hover&#8221; transform_translate__hover_enabled=&#8221;on|desktop&#8221; transform_rotate__hover_enabled=&#8221;on|desktop&#8221; transform_skew__hover_enabled=&#8221;on|desktop&#8221; transform_origin__hover_enabled=&#8221;on|desktop&#8221; transform_scale__hover=&#8221;101%|101%&#8221;][et_pb_image src=&#8221;https:\/\/ppm.biz.pl\/wp-content\/uploads\/2019\/12\/favi.png&#8221; disabled_on=&#8221;on|on|off&#8221; _builder_version=&#8221;4.0.9&#8243; max_width=&#8221;120px&#8221; module_alignment=&#8221;center&#8221;][\/et_pb_image][et_pb_text _builder_version=&#8221;4.4.7&#8243; header_font_size=&#8221;42px&#8221; header_2_font_size=&#8221;32px&#8221; hover_enabled=&#8221;0&#8243;]<\/p>\n<h2 style=\"text-align: center;\">Agencja Pracy<\/h2>\n<p>[\/et_pb_text][\/et_pb_column][et_pb_column type=&#8221;1_3&#8243; _builder_version=&#8221;4.4.7&#8243; background_color=&#8221;#ffffff&#8221; custom_padding=&#8221;5vw|2vw|5vw|2vw|true|true&#8221; link_option_url=&#8221;https:\/\/sprzatanie.ppm.biz.pl\/&#8221; hover_enabled=&#8221;0&#8243; custom_css_main_element=&#8221;margin-top:0px;&#8221; border_radii=&#8221;on|6px|6px|6px|6px&#8221; box_shadow_style=&#8221;preset4&#8243; transform_styles__hover_enabled=&#8221;on|hover&#8221; transform_scale__hover_enabled=&#8221;on|hover&#8221; transform_translate__hover_enabled=&#8221;on|desktop&#8221; transform_rotate__hover_enabled=&#8221;on|desktop&#8221; transform_skew__hover_enabled=&#8221;on|desktop&#8221; transform_origin__hover_enabled=&#8221;on|desktop&#8221; transform_scale__hover=&#8221;101%|101%&#8221;][et_pb_image src=&#8221;https:\/\/ppm.biz.pl\/wp-content\/uploads\/2019\/12\/favi.png&#8221; disabled_on=&#8221;on|on|off&#8221; _builder_version=&#8221;4.0.9&#8243; max_width=&#8221;120px&#8221; module_alignment=&#8221;center&#8221;][\/et_pb_image][et_pb_text _builder_version=&#8221;4.4.7&#8243; header_font_size=&#8221;42px&#8221; header_2_font_size=&#8221;32px&#8221; hover_enabled=&#8221;0&#8243;]<\/p>\n<h2 style=\"text-align: center;\">Us\u0142ugi Sprz\u0105taj\u0105ce<\/h2>\n<p>[\/et_pb_text][\/et_pb_column][\/et_pb_row][\/et_pb_section]<\/p>\n","protected":false},"excerpt":{"rendered":"<p>[et_pb_section fb_built=&#8221;1&#8243; _builder_version=&#8221;4.0.9&#8243; use_background_color_gradient=&#8221;on&#8221; background_color_gradient_start=&#8221;rgba(0,0,0,0.57)&#8221; background_color_gradient_end=&#8221;rgba(0,0,0,0.57)&#8221; background_color_gradient_overlays_image=&#8221;on&#8221; background_image=&#8221;https:\/\/ppm.biz.pl\/wp-content\/uploads\/2019\/12\/Fotolia_201973585_Subscription_Monthly_M.jpg&#8221; animation_style=&#8221;slide&#8221; animation_intensity_slide=&#8221;7%&#8221; custom_css_main_element=&#8221;height:100vh;&#8221;][et_pb_row _builder_version=&#8221;4.0.9&#8243; custom_margin=&#8221;||30px||false|false&#8221; custom_margin_tablet=&#8221;-70px||0px||false|false&#8221; custom_margin_phone=&#8221;-50px||0px||false|false&#8221; custom_margin_last_edited=&#8221;on|phone&#8221; custom_padding=&#8221;6vw||0px||false|false&#8221;][et_pb_column type=&#8221;4_4&#8243; _builder_version=&#8221;4.0.9&#8243;][et_pb_text _builder_version=&#8221;4.0.9&#8243; text_orientation=&#8221;center&#8221; background_layout=&#8221;dark&#8221;] Wybierz rodzaj us\u0142ugi [\/et_pb_text][\/et_pb_column][\/et_pb_row][et_pb_row column_structure=&#8221;1_3,1_3,1_3&#8243; use_custom_gutter=&#8221;on&#8221; gutter_width=&#8221;2&#8243; make_equal=&#8221;on&#8221; _builder_version=&#8221;4.4.7&#8243; width=&#8221;95%&#8221; width_tablet=&#8221;&#8221; width_phone=&#8221;&#8221; width_last_edited=&#8221;on|tablet&#8221; max_width=&#8221;1400px&#8221; max_width_tablet=&#8221;400px&#8221; max_width_phone=&#8221;300px&#8221; max_width_last_edited=&#8221;on|phone&#8221; module_alignment=&#8221;center&#8221; custom_margin=&#8221;0px||0px||true|false&#8221; custom_padding=&#8221;0px||0px||false|false&#8221; animation_style=&#8221;slide&#8221; animation_intensity_slide=&#8221;7%&#8221; hover_enabled=&#8221;0&#8243;][et_pb_column type=&#8221;1_3&#8243; _builder_version=&#8221;4.0.9&#8243; background_color=&#8221;#ffffff&#8221; custom_padding=&#8221;5vw|2vw|5vw|2vw|true|true&#8221; link_option_url=&#8221;https:\/\/biurorachunkowe.ppm.biz.pl\/&#8221; custom_css_main_element=&#8221;margin-top:0px;&#8221; border_radii=&#8221;on|6px|6px|6px|6px&#8221; box_shadow_style=&#8221;preset4&#8243; transform_styles__hover_enabled=&#8221;on|hover&#8221; transform_scale__hover_enabled=&#8221;on|hover&#8221; [&hellip;]<\/p>\n","protected":false},"author":2,"featured_media":0,"parent":0,"menu_order":0,"comment_status":"closed","ping_status":"closed","template":"","meta":{"_et_pb_use_builder":"on","_et_pb_old_content":"","_et_gb_content_width":"","footnotes":""},"class_list":["post-12","page","type-page","status-publish","hentry"],"_links":{"self":[{"href":"https:\/\/ppm.biz.pl\/index.php?rest_route=\/wp\/v2\/pages\/12","targetHints":{"allow":["GET"]}}],"collection":[{"href":"https:\/\/ppm.biz.pl\/index.php?rest_route=\/wp\/v2\/pages"}],"about":[{"href":"https:\/\/ppm.biz.pl\/index.php?rest_route=\/wp\/v2\/types\/page"}],"author":[{"embeddable":true,"href":"https:\/\/ppm.biz.pl\/index.php?rest_route=\/wp\/v2\/users\/2"}],"replies":[{"embeddable":true,"href":"https:\/\/ppm.biz.pl\/index.php?rest_route=%2Fwp%2Fv2%2Fcomments&post=12"}],"version-history":[{"count":23,"href":"https:\/\/ppm.biz.pl\/index.php?rest_route=\/wp\/v2\/pages\/12\/revisions"}],"predecessor-version":[{"id":263,"href":"https:\/\/ppm.biz.pl\/index.php?rest_route=\/wp\/v2\/pages\/12\/revisions\/263"}],"wp:attachment":[{"href":"https:\/\/ppm.biz.pl\/index.php?rest_route=%2Fwp%2Fv2%2Fmedia&parent=12"}],"curies":[{"name":"wp","href":"https:\/\/api.w.org\/{rel}","templated":true}]}}